{"id":61,"date":"2020-03-06T11:49:34","date_gmt":"2020-03-06T11:49:34","guid":{"rendered":"https:\/\/saborate.com\/blog\/?page_id=61"},"modified":"2021-02-23T13:20:41","modified_gmt":"2021-02-23T12:20:41","slug":"blog","status":"publish","type":"page","link":"https:\/\/saborate.com\/blog\/","title":{"rendered":"Blog"},"content":{"rendered":"<p>[et_pb_section fb_built=\u00bb1&#8243; module_class=\u00bbmigas-de-pan\u00bb _builder_version=\u00bb4.4.3&#8243; background_color=\u00bb#f8f3e8&#8243; global_module=\u00bb527&#8243;][et_pb_row _builder_version=\u00bb4.4.0&#8243;][et_pb_column type=\u00bb4_4&#8243; _builder_version=\u00bb4.4.0&#8243;][et_pb_code _builder_version=\u00bb4.4.0&#8243;]<span><span><a href=\"https:\/\/saborate.com\/blog\/\">Inicio<\/a><\/span><\/span>[\/et_pb_code][\/et_pb_column][\/et_pb_row][\/et_pb_section][et_pb_section fb_built=\u00bb1&#8243; module_class=\u00bbseccion seccion-blog portada\u00bb _builder_version=\u00bb4.4.4&#8243; background_color=\u00bbrgba(7,7,7,0.21)\u00bb background_image=\u00bbhttps:\/\/saborate.com\/blog\/wp-content\/uploads\/2020\/04\/3386296-scaled.jpg\u00bb background_blend=\u00bboverlay\u00bb][et_pb_row _builder_version=\u00bb4.4.0&#8243;][et_pb_column type=\u00bb4_4&#8243; _builder_version=\u00bb4.4.0&#8243;][et_pb_text admin_label=\u00bbT\u00edtulo\u00bb _builder_version=\u00bb4.7.7&#8243; text_font=\u00bb|||on|||||\u00bb text_text_color=\u00bb#ffffff\u00bb text_font_size=\u00bb18px\u00bb header_text_color=\u00bb#ffffff\u00bb hover_enabled=\u00bb0&#8243; sticky_enabled=\u00bb0&#8243;]<\/p>\n<h1 style=\"text-align: center;\">Blog Sabor a T\u00e9<\/h1>\n<p style=\"text-align: center;\">Te acercamos al mundo del t\u00e9<\/p>\n<p>[\/et_pb_text][\/et_pb_column][\/et_pb_row][\/et_pb_section][et_pb_section fb_built=\u00bb1&#8243; module_class=\u00bbseccion seccion-blog listado-blog\u00bb _builder_version=\u00bb4.4.0&#8243;][et_pb_row _builder_version=\u00bb4.4.0&#8243;][et_pb_column type=\u00bb4_4&#8243; _builder_version=\u00bb4.4.0&#8243;][et_pb_blog fullwidth=\u00bboff\u00bb posts_number=\u00bb15&#8243; include_categories=\u00bball\u00bb meta_date=\u00bbj M, Y\u00bb excerpt_length=\u00bb80&#8243; show_author=\u00bboff\u00bb show_categories=\u00bboff\u00bb _builder_version=\u00bb4.7.4&#8243; header_font=\u00bb|300|||||||\u00bb header_font_size=\u00bb20px\u00bb body_font=\u00bb|300|||||||\u00bb body_text_align=\u00bbleft\u00bb pagination_font=\u00bb|||on|||||\u00bb pagination_text_color=\u00bb#303030&#8243; border_color_all=\u00bbrgba(0,0,0,0)\u00bb][\/et_pb_blog][\/et_pb_column][\/et_pb_row][\/et_pb_section]<\/p>\n","protected":false},"excerpt":{"rendered":"<p><span><span><a href=\"https:\/\/saborate.com\/blog\/\">Inicio<\/a><\/span><\/span>Blog Sabor a T\u00e9 Te acercamos al mundo del t\u00e9<\/p>\n","protected":false},"author":1,"featured_media":0,"parent":0,"menu_order":0,"comment_status":"closed","ping_status":"closed","template":"","meta":{"_et_pb_use_builder":"on","_et_pb_old_content":"","_et_gb_content_width":"","footnotes":""},"yoast_head":"<!-- This site is optimized with the Yoast SEO plugin v22.8 - https:\/\/yoast.com\/wordpress\/plugins\/seo\/ -->\n<title>Blog - Sabor a T\u00e9 - Blog Oficial<\/title>\n<meta name=\"robots\" content=\"index, follow, max-snippet:-1, max-image-preview:large, max-video-preview:-1\" \/>\n<link rel=\"canonical\" href=\"https:\/\/saborate.com\/blog\/\" \/>\n<meta property=\"og:locale\" content=\"es_ES\" \/>\n<meta property=\"og:type\" content=\"article\" \/>\n<meta property=\"og:title\" content=\"Blog - Sabor a T\u00e9 - Blog Oficial\" \/>\n<meta property=\"og:url\" content=\"https:\/\/saborate.com\/blog\/\" \/>\n<meta property=\"og:site_name\" content=\"Sabor a T\u00e9 - Blog Oficial\" \/>\n<meta property=\"article:modified_time\" content=\"2021-02-23T12:20:41+00:00\" \/>\n<meta name=\"twitter:card\" content=\"summary_large_image\" \/>\n<meta name=\"twitter:label1\" content=\"Tiempo de lectura\" \/>\n\t<meta name=\"twitter:data1\" content=\"1 minuto\" \/>\n<script type=\"application\/ld+json\" class=\"yoast-schema-graph\">{\"@context\":\"https:\/\/schema.org\",\"@graph\":[{\"@type\":\"WebPage\",\"@id\":\"https:\/\/saborate.com\/blog\/\",\"url\":\"https:\/\/saborate.com\/blog\/\",\"name\":\"Blog - Sabor a T\u00e9 - Blog Oficial\",\"isPartOf\":{\"@id\":\"https:\/\/saborate.com\/blog\/#website\"},\"datePublished\":\"2020-03-06T11:49:34+00:00\",\"dateModified\":\"2021-02-23T12:20:41+00:00\",\"breadcrumb\":{\"@id\":\"https:\/\/saborate.com\/blog\/#breadcrumb\"},\"inLanguage\":\"es\",\"potentialAction\":[{\"@type\":\"ReadAction\",\"target\":[\"https:\/\/saborate.com\/blog\/\"]}]},{\"@type\":\"BreadcrumbList\",\"@id\":\"https:\/\/saborate.com\/blog\/#breadcrumb\",\"itemListElement\":[{\"@type\":\"ListItem\",\"position\":1,\"name\":\"Inicio\",\"item\":\"https:\/\/saborate.com\/blog\/\"},{\"@type\":\"ListItem\",\"position\":2,\"name\":\"Blog\"}]},{\"@type\":\"WebSite\",\"@id\":\"https:\/\/saborate.com\/blog\/#website\",\"url\":\"https:\/\/saborate.com\/blog\/\",\"name\":\"Sabor a T\u00e9 - Blog Oficial\",\"description\":\"Descubre todos los beneficios del t\u00e9, como tomarlo, recetas y dem\u00e1s curiosidades\",\"potentialAction\":[{\"@type\":\"SearchAction\",\"target\":{\"@type\":\"EntryPoint\",\"urlTemplate\":\"https:\/\/saborate.com\/blog\/?s={search_term_string}\"},\"query-input\":\"required name=search_term_string\"}],\"inLanguage\":\"es\"}]}<\/script>\n<!-- \/ Yoast SEO plugin. -->","yoast_head_json":{"title":"Blog - Sabor a T\u00e9 - Blog Oficial","robots":{"index":"index","follow":"follow","max-snippet":"max-snippet:-1","max-image-preview":"max-image-preview:large","max-video-preview":"max-video-preview:-1"},"canonical":"https:\/\/saborate.com\/blog\/","og_locale":"es_ES","og_type":"article","og_title":"Blog - Sabor a T\u00e9 - Blog Oficial","og_url":"https:\/\/saborate.com\/blog\/","og_site_name":"Sabor a T\u00e9 - Blog Oficial","article_modified_time":"2021-02-23T12:20:41+00:00","twitter_card":"summary_large_image","twitter_misc":{"Tiempo de lectura":"1 minuto"},"schema":{"@context":"https:\/\/schema.org","@graph":[{"@type":"WebPage","@id":"https:\/\/saborate.com\/blog\/","url":"https:\/\/saborate.com\/blog\/","name":"Blog - Sabor a T\u00e9 - Blog Oficial","isPartOf":{"@id":"https:\/\/saborate.com\/blog\/#website"},"datePublished":"2020-03-06T11:49:34+00:00","dateModified":"2021-02-23T12:20:41+00:00","breadcrumb":{"@id":"https:\/\/saborate.com\/blog\/#breadcrumb"},"inLanguage":"es","potentialAction":[{"@type":"ReadAction","target":["https:\/\/saborate.com\/blog\/"]}]},{"@type":"BreadcrumbList","@id":"https:\/\/saborate.com\/blog\/#breadcrumb","itemListElement":[{"@type":"ListItem","position":1,"name":"Inicio","item":"https:\/\/saborate.com\/blog\/"},{"@type":"ListItem","position":2,"name":"Blog"}]},{"@type":"WebSite","@id":"https:\/\/saborate.com\/blog\/#website","url":"https:\/\/saborate.com\/blog\/","name":"Sabor a T\u00e9 - Blog Oficial","description":"Descubre todos los beneficios del t\u00e9, como tomarlo, recetas y dem\u00e1s curiosidades","potentialAction":[{"@type":"SearchAction","target":{"@type":"EntryPoint","urlTemplate":"https:\/\/saborate.com\/blog\/?s={search_term_string}"},"query-input":"required name=search_term_string"}],"inLanguage":"es"}]}},"_links":{"self":[{"href":"https:\/\/saborate.com\/blog\/wp-json\/wp\/v2\/pages\/61"}],"collection":[{"href":"https:\/\/saborate.com\/blog\/wp-json\/wp\/v2\/pages"}],"about":[{"href":"https:\/\/saborate.com\/blog\/wp-json\/wp\/v2\/types\/page"}],"author":[{"embeddable":true,"href":"https:\/\/saborate.com\/blog\/wp-json\/wp\/v2\/users\/1"}],"replies":[{"embeddable":true,"href":"https:\/\/saborate.com\/blog\/wp-json\/wp\/v2\/comments?post=61"}],"version-history":[{"count":19,"href":"https:\/\/saborate.com\/blog\/wp-json\/wp\/v2\/pages\/61\/revisions"}],"predecessor-version":[{"id":654,"href":"https:\/\/saborate.com\/blog\/wp-json\/wp\/v2\/pages\/61\/revisions\/654"}],"wp:attachment":[{"href":"https:\/\/saborate.com\/blog\/wp-json\/wp\/v2\/media?parent=61"}],"curies":[{"name":"wp","href":"https:\/\/api.w.org\/{rel}","templated":true}]}}